{"id":748,"date":"2024-11-28T07:08:46","date_gmt":"2024-11-28T07:08:46","guid":{"rendered":"https:\/\/autoportopontebba.com\/zona-de-parcare-pentru-rulote\/"},"modified":"2025-04-18T15:01:41","modified_gmt":"2025-04-18T15:01:41","slug":"zona-de-parcare-pentru-rulote","status":"publish","type":"page","link":"https:\/\/autoportopontebba.com\/ro\/zona-de-parcare-pentru-rulote\/","title":{"rendered":"Zona de parcare pentru rulote"},"content":{"rendered":"\n<div class=\"wp-block-group alignfull has-background-background-color has-background has-global-padding is-layout-constrained wp-container-core-group-is-layout-e677c032 wp-block-group-is-layout-constrained\" style=\"margin-top:0;margin-bottom:0;padding-top:0px;padding-right:0px;padding-bottom:var(--wp--preset--spacing--60);padding-left:0px\">\n<div class=\"wp-block-cover alignfull extendify-image-import\" style=\"min-height:35vh;aspect-ratio:unset;\"><img loading=\"lazy\" decoding=\"async\" width=\"1800\" height=\"600\" class=\"wp-block-cover__image-background wp-image-254\" alt=\"\" src=\"https:\/\/autoportopontebba.com\/wp-content\/uploads\/2024\/11\/Slide_areasostaCamper.jpg\" data-object-fit=\"cover\" srcset=\"https:\/\/autoportopontebba.com\/wp-content\/uploads\/2024\/11\/Slide_areasostaCamper.jpg 1800w, https:\/\/autoportopontebba.com\/wp-content\/uploads\/2024\/11\/Slide_areasostaCamper-300x100.jpg 300w, https:\/\/autoportopontebba.com\/wp-content\/uploads\/2024\/11\/Slide_areasostaCamper-1024x341.jpg 1024w, https:\/\/autoportopontebba.com\/wp-content\/uploads\/2024\/11\/Slide_areasostaCamper-768x256.jpg 768w, https:\/\/autoportopontebba.com\/wp-content\/uploads\/2024\/11\/Slide_areasostaCamper-1536x512.jpg 1536w\" sizes=\"auto, (max-width: 1800px) 100vw, 1800px\" \/><span aria-hidden=\"true\" class=\"wp-block-cover__background has-background-dim-0 has-background-dim\" style=\"background-color:#7f7c63\"><\/span><div class=\"wp-block-cover__inner-container is-layout-flow wp-block-cover-is-layout-flow\">\n<div style=\"height:280px\" aria-hidden=\"true\" class=\"wp-block-spacer\"><\/div>\n<\/div><\/div>\n\n\n\n<div class=\"wp-block-group alignwide has-global-padding is-content-justification-center is-layout-constrained wp-container-core-group-is-layout-88249be7 wp-block-group-is-layout-constrained\" style=\"padding-right:var(--wp--preset--spacing--30);padding-left:var(--wp--preset--spacing--30)\">\n<h1 class=\"wp-block-heading has-text-align-center has-x-large-font-size\">Sunte\u021bi binevenit cu rulota dumneavoastr\u0103!<\/h1>\n\n\n\n<p class=\"has-text-align-center\" style=\"margin-top:16px\">Am amenajat 10 locuri de parcare pentru parcarea temporar\u0103 a rulotelor \u0219i camperilor. Pute\u021bi parca gratuit \u00een parcarea pentru rulote \u0219i beneficia de servicii precum du\u0219uri, toalete, pizzerie, pia\u021b\u0103 \u0219i benzin\u0103rie.<\/p>\n<\/div>\n<\/div>\n\n<div class=\"wp-block-group alignfull has-background-background-color has-background has-global-padding is-layout-constrained wp-container-core-group-is-layout-38cedfe0 wp-block-group-is-layout-constrained\" style=\"margin-top:0;margin-bottom:0;padding-top:var(--wp--preset--spacing--40);padding-right:var(--wp--preset--spacing--30);padding-bottom:var(--wp--preset--spacing--60);padding-left:var(--wp--preset--spacing--30)\">\n<div class=\"wp-block-group alignwide has-global-padding is-content-justification-left is-layout-constrained wp-container-core-group-is-layout-17af7ffb wp-block-group-is-layout-constrained\">\n<h1 class=\"wp-block-heading\" style=\"margin-top:12px\">De ce s\u0103 v\u0103 opri\u021bi \u00een parcarea Pontebba?<\/h1>\n\n\n\n<p style=\"margin-top:16px\">Drag\u0103 \u0219ofer de rulot\u0103, dac\u0103 sunte\u021bi \u00een c\u0103utarea unui loc de relaxare \u00eenconjurat de natur\u0103 \u0219i unde fiecare col\u021b spune o poveste a tradi\u021biilor montane, Pontebba (UD) este destina\u021bia potrivit\u0103 pentru dumneavoastr\u0103. Acest \u00eenc\u00e2nt\u0103tor sat friulan, situat \u00een inima Alpilor Iulieni, v\u0103 va \u00eent\u00e2mpina cu atmosfera sa lini\u0219tit\u0103 \u0219i peisajele uluitoare, ideal pentru un popas \u00een timpul c\u0103l\u0103toriei dumneavoastr\u0103 cu autocaravana. <\/p>\n\n\n\n<p>Pontebba este un punct de plecare perfect pentru explorarea Parcului Natural Julian Pre-Alps, unde v\u0103 pute\u021bi bucura de drume\u021bii, plimb\u0103ri sau pur \u0219i simplu respira\u021bi aerul proasp\u0103t de munte. \u00cen fiecare anotimp, zona ofer\u0103 activit\u0103\u021bi potrivite pentru toat\u0103 lumea: de la schi \u0219i snowboarding iarna p\u00e2n\u0103 la ciclism \u0219i drume\u021bii \u00een lunile mai calde. Dac\u0103 iubi\u021bi natura, aici ve\u021bi g\u0103si numeroase poteci de urmat, printre p\u0103duri \u0219i cursuri de ap\u0103 care v\u0103 vor face s\u0103 uita\u021bi de agita\u021bia cotidian\u0103.  <\/p>\n\n\n\n<p style=\"margin-top:16px\">\u00cen plus, Pontebba este un sat bogat \u00een istorie. Nu rata\u021bi o vizit\u0103 la Muzeul Marelui R\u0103zboi, care relateaz\u0103 evenimentele care au marcat profund aceast\u0103 zon\u0103. Pontebba ofer\u0103 tot ceea ce c\u0103uta\u021bi: natur\u0103, istorie \u0219i lini\u0219te. Opri\u021bi-v\u0103 pentru a descoperi acest col\u021b din Friuli \u0219i l\u0103sa\u021bi-v\u0103 fermeca\u021bi de frumuse\u021bea sa!   <\/p>\n\n\n\n<div class=\"wp-block-buttons is-layout-flex wp-container-core-buttons-is-layout-12dcd427 wp-block-buttons-is-layout-flex\" style=\"margin-top:var(--wp--preset--spacing--40)\">\n<div class=\"wp-block-button\"><a class=\"wp-block-button__link wp-element-button\" href=\"https:\/\/it.wikivoyage.org\/wiki\/Pontebba\" target=\"_blank\" rel=\"noreferrer noopener\">Afla\u021bi mai multe despre Pontebba<\/a><\/div>\n<\/div>\n<\/div>\n<\/div>\n\n<div class=\"wp-block-columns is-layout-flex wp-container-core-columns-is-layout-28f84493 wp-block-columns-is-layout-flex\">\n<div class=\"wp-block-column is-layout-flow wp-block-column-is-layout-flow\">\n<figure class=\"wp-block-gallery has-nested-images columns-default is-cropped wp-block-gallery-1 is-layout-flex wp-block-gallery-is-layout-flex\">\n<figure class=\"wp-block-image size-large\"><img loading=\"lazy\" decoding=\"async\" width=\"1024\" height=\"768\" data-id=\"1221\" src=\"https:\/\/autoportopontebba.com\/wp-content\/uploads\/2025\/04\/Camper1-1024x768.jpg\" alt=\"\" class=\"wp-image-1221\" srcset=\"https:\/\/autoportopontebba.com\/wp-content\/uploads\/2025\/04\/Camper1-1024x768.jpg 1024w, https:\/\/autoportopontebba.com\/wp-content\/uploads\/2025\/04\/Camper1-300x225.jpg 300w, https:\/\/autoportopontebba.com\/wp-content\/uploads\/2025\/04\/Camper1-768x576.jpg 768w, https:\/\/autoportopontebba.com\/wp-content\/uploads\/2025\/04\/Camper1.jpg 1500w\" sizes=\"auto, (max-width: 1024px) 100vw, 1024px\" \/><\/figure>\n<\/figure>\n<\/div>\n\n\n\n<div class=\"wp-block-column is-layout-flow wp-block-column-is-layout-flow\">\n<figure class=\"wp-block-gallery has-nested-images columns-default is-cropped wp-block-gallery-2 is-layout-flex wp-block-gallery-is-layout-flex\">\n<figure class=\"wp-block-image size-large\"><img loading=\"lazy\" decoding=\"async\" width=\"1024\" height=\"768\" data-id=\"1228\" src=\"https:\/\/autoportopontebba.com\/wp-content\/uploads\/2025\/04\/Camper2-1024x768.jpg\" alt=\"\" class=\"wp-image-1228\" srcset=\"https:\/\/autoportopontebba.com\/wp-content\/uploads\/2025\/04\/Camper2-1024x768.jpg 1024w, https:\/\/autoportopontebba.com\/wp-content\/uploads\/2025\/04\/Camper2-300x225.jpg 300w, https:\/\/autoportopontebba.com\/wp-content\/uploads\/2025\/04\/Camper2-768x576.jpg 768w, https:\/\/autoportopontebba.com\/wp-content\/uploads\/2025\/04\/Camper2.jpg 1500w\" sizes=\"auto, (max-width: 1024px) 100vw, 1024px\" \/><\/figure>\n<\/figure>\n<\/div>\n<\/div>\n","protected":false},"excerpt":{"rendered":"<p>Sunte\u021bi binevenit cu rulota dumneavoastr\u0103! Am amenajat 10 locuri de parcare pentru parcarea temporar\u0103 a rulotelor \u0219i camperilor. Pute\u021bi parca gratuit \u00een parcarea pentru rulote \u0219i beneficia de servicii precum du\u0219uri, toalete, pizzerie, pia\u021b\u0103 \u0219i benzin\u0103rie. De ce s\u0103 v\u0103 opri\u021bi \u00een parcarea Pontebba? Drag\u0103 \u0219ofer de rulot\u0103, dac\u0103 sunte\u021bi \u00een c\u0103utarea unui loc de [&hellip;]<\/p>\n","protected":false},"author":1,"featured_media":0,"parent":0,"menu_order":0,"comment_status":"closed","ping_status":"closed","template":"","meta":{"om_disable_all_campaigns":false,"_monsterinsights_skip_tracking":false,"_monsterinsights_sitenote_active":false,"_monsterinsights_sitenote_note":"","_monsterinsights_sitenote_category":0,"footnotes":""},"class_list":["post-748","page","type-page","status-publish","hentry"],"aioseo_notices":[],"_links":{"self":[{"href":"https:\/\/autoportopontebba.com\/ro\/wp-json\/wp\/v2\/pages\/748","targetHints":{"allow":["GET"]}}],"collection":[{"href":"https:\/\/autoportopontebba.com\/ro\/wp-json\/wp\/v2\/pages"}],"about":[{"href":"https:\/\/autoportopontebba.com\/ro\/wp-json\/wp\/v2\/types\/page"}],"author":[{"embeddable":true,"href":"https:\/\/autoportopontebba.com\/ro\/wp-json\/wp\/v2\/users\/1"}],"replies":[{"embeddable":true,"href":"https:\/\/autoportopontebba.com\/ro\/wp-json\/wp\/v2\/comments?post=748"}],"version-history":[{"count":3,"href":"https:\/\/autoportopontebba.com\/ro\/wp-json\/wp\/v2\/pages\/748\/revisions"}],"predecessor-version":[{"id":1247,"href":"https:\/\/autoportopontebba.com\/ro\/wp-json\/wp\/v2\/pages\/748\/revisions\/1247"}],"wp:attachment":[{"href":"https:\/\/autoportopontebba.com\/ro\/wp-json\/wp\/v2\/media?parent=748"}],"curies":[{"name":"wp","href":"https:\/\/api.w.org\/{rel}","templated":true}]}}