{"id":788,"date":"2024-10-28T05:07:22","date_gmt":"2024-10-28T05:07:22","guid":{"rendered":"https:\/\/autoportopontebba.com\/uslugi-i-prysznice\/"},"modified":"2025-01-11T08:13:35","modified_gmt":"2025-01-11T08:13:35","slug":"uslugi-i-prysznice","status":"publish","type":"page","link":"https:\/\/autoportopontebba.com\/pl\/uslugi-i-prysznice\/","title":{"rendered":"Us\u0142ugi i prysznice"},"content":{"rendered":"\n<div class=\"wp-block-group alignfull has-background-background-color has-background has-global-padding is-layout-constrained wp-container-core-group-is-layout-6fa30f3f wp-block-group-is-layout-constrained\" style=\"margin-top:0;margin-bottom:0;padding-top:0;padding-right:0;padding-bottom:0;padding-left:0\">\n<div class=\"wp-block-cover alignfull is-light extendify-image-import\" style=\"padding-right:var(--wp--preset--spacing--40);padding-left:var(--wp--preset--spacing--40);min-height:60vh;aspect-ratio:unset;\"><span aria-hidden=\"true\" class=\"wp-block-cover__background has-black-background-color has-background-dim-0 has-background-dim\"><\/span><img loading=\"lazy\" decoding=\"async\" width=\"1200\" height=\"900\" class=\"wp-block-cover__image-background wp-image-43\" alt=\"Servizi igienici\" src=\"https:\/\/autoportopontebba.com\/wp-content\/uploads\/2024\/10\/Bagni_PlosePontebba.jpg\" data-object-fit=\"cover\" srcset=\"https:\/\/autoportopontebba.com\/wp-content\/uploads\/2024\/10\/Bagni_PlosePontebba.jpg 1200w, https:\/\/autoportopontebba.com\/wp-content\/uploads\/2024\/10\/Bagni_PlosePontebba-300x225.jpg 300w, https:\/\/autoportopontebba.com\/wp-content\/uploads\/2024\/10\/Bagni_PlosePontebba-1024x768.jpg 1024w, https:\/\/autoportopontebba.com\/wp-content\/uploads\/2024\/10\/Bagni_PlosePontebba-768x576.jpg 768w\" sizes=\"auto, (max-width: 1200px) 100vw, 1200px\" \/><div class=\"wp-block-cover__inner-container is-layout-flow wp-block-cover-is-layout-flow\">\n<div class=\"wp-block-group has-global-padding is-layout-constrained wp-block-group-is-layout-constrained\" style=\"padding-top:var(--wp--preset--spacing--80);padding-bottom:var(--wp--preset--spacing--80)\">\n<h4 class=\"wp-block-heading has-text-align-center has-white-color has-text-color has-small-font-size\">Witamy w naszym:<\/h4>\n\n\n\n<h1 class=\"wp-block-heading alignwide has-text-align-center has-white-color has-text-color\" style=\"margin-top:12px\"><strong>TOALETY I PRYSZNICE<\/strong><\/h1>\n<\/div>\n<\/div><\/div>\n<\/div>\n\n<p><\/p>\n\n<div class=\"wp-block-group alignfull has-background-background-color has-background has-global-padding is-layout-constrained wp-container-core-group-is-layout-0420e281 wp-block-group-is-layout-constrained\" style=\"margin-top:0;margin-bottom:0;padding-top:0;padding-right:0;padding-bottom:0;padding-left:0\">\n<div class=\"wp-block-columns alignwide are-vertically-aligned-center is-layout-flex wp-container-core-columns-is-layout-08c01c1c wp-block-columns-is-layout-flex\">\n<div class=\"wp-block-column is-vertically-aligned-center is-layout-flow wp-block-column-is-layout-flow\">\n<figure class=\"wp-block-image size-large extendify-image-import\"><img loading=\"lazy\" decoding=\"async\" width=\"1024\" height=\"768\" src=\"https:\/\/autoportopontebba.com\/wp-content\/uploads\/2024\/10\/Servizi_igienici_Plose-1024x768.jpg\" alt=\"\" class=\"wp-image-136\" style=\"aspect-ratio:4\/3;object-fit:cover\" srcset=\"https:\/\/autoportopontebba.com\/wp-content\/uploads\/2024\/10\/Servizi_igienici_Plose-1024x768.jpg 1024w, https:\/\/autoportopontebba.com\/wp-content\/uploads\/2024\/10\/Servizi_igienici_Plose-300x225.jpg 300w, https:\/\/autoportopontebba.com\/wp-content\/uploads\/2024\/10\/Servizi_igienici_Plose-768x576.jpg 768w, https:\/\/autoportopontebba.com\/wp-content\/uploads\/2024\/10\/Servizi_igienici_Plose.jpg 1500w\" sizes=\"auto, (max-width: 1024px) 100vw, 1024px\" \/><\/figure>\n<\/div>\n\n\n\n<div class=\"wp-block-column is-vertically-aligned-center is-layout-flow wp-block-column-is-layout-flow\">\n<h2 class=\"wp-block-heading has-large-font-size\"><strong>Us\u0142ugi w liczbach<\/strong><\/h2>\n\n\n\n<p style=\"margin-top:16px\">W nowo wybudowanych przestronnych \u0142azienkach znajduje si\u0119 11 toalet m\u0119skich i 6 pisuar\u00f3w \u015bciennych, 4 toalety damskie oraz toaleta dla os\u00f3b niepe\u0142nosprawnych z prysznicem. \u0141\u0105cznie 8 prysznic\u00f3w na monety, 6 m\u0119skich i 2 damskie.<\/p>\n\n\n\n<p style=\"margin-top:16px\">Toalety s\u0105 w pe\u0142ni zautomatyzowane i stale utrzymywane w czysto\u015bci.<\/p>\n<\/div>\n<\/div>\n<\/div>\n\n<div class=\"wp-block-group alignfull has-background-background-color has-background has-global-padding is-layout-constrained wp-container-core-group-is-layout-0420e281 wp-block-group-is-layout-constrained\" style=\"margin-top:0;margin-bottom:0;padding-top:0;padding-right:0;padding-bottom:0;padding-left:0\">\n<div class=\"wp-block-columns alignwide are-vertically-aligned-center is-layout-flex wp-container-core-columns-is-layout-08c01c1c wp-block-columns-is-layout-flex\">\n<div class=\"wp-block-column is-vertically-aligned-center is-layout-flow wp-block-column-is-layout-flow\">\n<h2 class=\"wp-block-heading has-large-font-size\"><strong>System recyrkulacji wody<\/strong><\/h2>\n\n\n\n<p style=\"margin-top:16px\">Wiata zosta\u0142a wyposa\u017cona w system recyrkulacji i ponownego wykorzystania wody, kt\u00f3ry pozwala w jak najmniejszym stopniu wp\u0142ywa\u0107 na ekosystem. Nasz\u0105 pasj\u0105 jest ekologia i wcielamy j\u0105 w \u017cycie w ka\u017cdym aspekcie naszej dzia\u0142alno\u015bci<\/p>\n<\/div>\n\n\n\n<div class=\"wp-block-column is-vertically-aligned-center is-layout-flow wp-block-column-is-layout-flow\">\n<figure class=\"wp-block-image size-full extendify-image-import\"><img loading=\"lazy\" decoding=\"async\" width=\"740\" height=\"634\" src=\"https:\/\/autoportopontebba.com\/wp-content\/uploads\/2024\/10\/ricircolo_acque.jpg\" alt=\"\" class=\"wp-image-137\" style=\"aspect-ratio:4\/3;object-fit:cover\" srcset=\"https:\/\/autoportopontebba.com\/wp-content\/uploads\/2024\/10\/ricircolo_acque.jpg 740w, https:\/\/autoportopontebba.com\/wp-content\/uploads\/2024\/10\/ricircolo_acque-300x257.jpg 300w\" sizes=\"auto, (max-width: 740px) 100vw, 740px\" \/><\/figure>\n<\/div>\n<\/div>\n<\/div>\n\n<div class=\"wp-block-group alignfull has-background-background-color has-background has-global-padding is-layout-constrained wp-container-core-group-is-layout-7276a2bb wp-block-group-is-layout-constrained\" style=\"margin-top:0;margin-bottom:0;padding-top:var(--wp--preset--spacing--60);padding-right:var(--wp--preset--spacing--30);padding-bottom:var(--wp--preset--spacing--60);padding-left:var(--wp--preset--spacing--30)\">\n<div class=\"wp-block-columns alignwide are-vertically-aligned-center is-layout-flex wp-container-core-columns-is-layout-08c01c1c wp-block-columns-is-layout-flex\">\n<div class=\"wp-block-column is-vertically-aligned-center is-layout-flow wp-block-column-is-layout-flow\">\n<figure class=\"wp-block-image size-large extendify-image-import\"><img loading=\"lazy\" decoding=\"async\" width=\"768\" height=\"1024\" src=\"https:\/\/autoportopontebba.com\/wp-content\/uploads\/2024\/10\/IMG_2414-768x1024.jpg\" alt=\"Prysznice dla kobiet\" class=\"wp-image-138\" style=\"aspect-ratio:4\/3;object-fit:contain\" srcset=\"https:\/\/autoportopontebba.com\/wp-content\/uploads\/2024\/10\/IMG_2414-768x1024.jpg 768w, https:\/\/autoportopontebba.com\/wp-content\/uploads\/2024\/10\/IMG_2414-225x300.jpg 225w, https:\/\/autoportopontebba.com\/wp-content\/uploads\/2024\/10\/IMG_2414-1152x1536.jpg 1152w, https:\/\/autoportopontebba.com\/wp-content\/uploads\/2024\/10\/IMG_2414.jpg 1512w\" sizes=\"auto, (max-width: 768px) 100vw, 768px\" \/><\/figure>\n<\/div>\n\n\n\n<div class=\"wp-block-column is-vertically-aligned-center is-layout-flow wp-block-column-is-layout-flow\">\n<h2 class=\"wp-block-heading has-large-font-size\"><strong>Prysznice dla m\u0119\u017cczyzn i kobiet<\/strong><\/h2>\n\n\n\n<p style=\"margin-top:16px\">Prysznice m\u0119skie i damskie znajduj\u0105 si\u0119 obok toalet. System jest obs\u0142ugiwany na monety z automatycznym mieszaniem. Cykl token\u00f3w mo\u017cna przerwa\u0107 i uruchomi\u0107 ponownie, co pozwala namydli\u0107 si\u0119 i zaoszcz\u0119dzi\u0107 wod\u0119.<\/p>\n<\/div>\n<\/div>\n<\/div>\n\n<div class=\"wp-block-group alignfull has-background-background-color has-background has-global-padding is-layout-constrained wp-container-core-group-is-layout-254f1302 wp-block-group-is-layout-constrained\" style=\"padding-top:0;padding-right:0;padding-bottom:0;padding-left:0\">\n<div class=\"wp-block-media-text alignwide has-media-on-the-right is-stacked-on-mobile is-vertically-aligned-center extendify-image-import\" style=\"padding-right:0;padding-left:0;grid-template-columns:auto 40%\"><div class=\"wp-block-media-text__content\">\n<div class=\"wp-block-group has-global-padding is-content-justification-left is-layout-constrained wp-container-core-group-is-layout-cdff7eec wp-block-group-is-layout-constrained\" style=\"padding-top:var(--wp--preset--spacing--30);padding-right:0;padding-bottom:var(--wp--preset--spacing--30);padding-left:0\">\n<h2 class=\"wp-block-heading has-large-font-size\"><strong>\u0141azienka dla niepe\u0142nosprawnych<\/strong><\/h2>\n\n\n\n<p style=\"margin-top:16px\">Do pomieszczenia us\u0142ugowego mo\u017cna r\u00f3wnie\u017c wygodnie dojecha\u0107 wind\u0105. Przy wej\u015bciu do obiektu znajduje si\u0119 toaleta i prysznic dla os\u00f3b niepe\u0142nosprawnych.<\/p>\n<\/div>\n<\/div><figure class=\"wp-block-media-text__media\"><img loading=\"lazy\" decoding=\"async\" width=\"1024\" height=\"1024\" src=\"https:\/\/autoportopontebba.com\/wp-content\/uploads\/2024\/10\/Bagno_Disabili-1024x1024.jpg\" alt=\"\" class=\"wp-image-139 size-full\" srcset=\"https:\/\/autoportopontebba.com\/wp-content\/uploads\/2024\/10\/Bagno_Disabili-1024x1024.jpg 1024w, https:\/\/autoportopontebba.com\/wp-content\/uploads\/2024\/10\/Bagno_Disabili-300x300.jpg 300w, https:\/\/autoportopontebba.com\/wp-content\/uploads\/2024\/10\/Bagno_Disabili-150x150.jpg 150w, https:\/\/autoportopontebba.com\/wp-content\/uploads\/2024\/10\/Bagno_Disabili-768x768.jpg 768w, https:\/\/autoportopontebba.com\/wp-content\/uploads\/2024\/10\/Bagno_Disabili-1536x1536.jpg 1536w, https:\/\/autoportopontebba.com\/wp-content\/uploads\/2024\/10\/Bagno_Disabili-2048x2048.jpg 2048w\" sizes=\"auto, (max-width: 1024px) 100vw, 1024px\" \/><\/figure><\/div>\n<\/div>\n\n<p><\/p>\n","protected":false},"excerpt":{"rendered":"<p>Us\u0142ugi w liczbach W nowo wybudowanych przestronnych \u0142azienkach znajduje si\u0119 11 toalet m\u0119skich i 6 pisuar\u00f3w \u015bciennych, 4 toalety damskie oraz toaleta dla os\u00f3b niepe\u0142nosprawnych z prysznicem. \u0141\u0105cznie 8 prysznic\u00f3w na monety, 6 m\u0119skich i 2 damskie. Toalety s\u0105 w pe\u0142ni zautomatyzowane i stale utrzymywane w czysto\u015bci. System recyrkulacji wody Wiata zosta\u0142a wyposa\u017cona w system [&hellip;]<\/p>\n","protected":false},"author":1,"featured_media":0,"parent":0,"menu_order":0,"comment_status":"closed","ping_status":"closed","template":"","meta":{"om_disable_all_campaigns":false,"_monsterinsights_skip_tracking":false,"_monsterinsights_sitenote_active":false,"_monsterinsights_sitenote_note":"","_monsterinsights_sitenote_category":0,"footnotes":""},"class_list":["post-788","page","type-page","status-publish","hentry"],"aioseo_notices":[],"_links":{"self":[{"href":"https:\/\/autoportopontebba.com\/pl\/wp-json\/wp\/v2\/pages\/788","targetHints":{"allow":["GET"]}}],"collection":[{"href":"https:\/\/autoportopontebba.com\/pl\/wp-json\/wp\/v2\/pages"}],"about":[{"href":"https:\/\/autoportopontebba.com\/pl\/wp-json\/wp\/v2\/types\/page"}],"author":[{"embeddable":true,"href":"https:\/\/autoportopontebba.com\/pl\/wp-json\/wp\/v2\/users\/1"}],"replies":[{"embeddable":true,"href":"https:\/\/autoportopontebba.com\/pl\/wp-json\/wp\/v2\/comments?post=788"}],"version-history":[{"count":1,"href":"https:\/\/autoportopontebba.com\/pl\/wp-json\/wp\/v2\/pages\/788\/revisions"}],"predecessor-version":[{"id":789,"href":"https:\/\/autoportopontebba.com\/pl\/wp-json\/wp\/v2\/pages\/788\/revisions\/789"}],"wp:attachment":[{"href":"https:\/\/autoportopontebba.com\/pl\/wp-json\/wp\/v2\/media?parent=788"}],"curies":[{"name":"wp","href":"https:\/\/api.w.org\/{rel}","templated":true}]}}