{"id":903,"date":"2025-01-11T08:22:09","date_gmt":"2025-01-11T08:22:09","guid":{"rendered":"https:\/\/autoportopontebba.com\/parkovani-turistickych-autobusu\/"},"modified":"2025-01-11T09:54:07","modified_gmt":"2025-01-11T09:54:07","slug":"parkovani-turistickych-autobusu","status":"publish","type":"page","link":"https:\/\/autoportopontebba.com\/cs\/parkovani-turistickych-autobusu\/","title":{"rendered":"Parkov\u00e1n\u00ed turistick\u00fdch autobus\u016f"},"content":{"rendered":"\n<div class=\"wp-block-group alignfull has-global-padding is-layout-constrained wp-block-group-is-layout-constrained\">\n<div class=\"wp-block-cover alignfull\" style=\"padding-top:var(--wp--preset--spacing--30);padding-right:var(--wp--preset--spacing--30);padding-bottom:var(--wp--preset--spacing--30);padding-left:var(--wp--preset--spacing--30);min-height:50px;aspect-ratio:unset;\"><span aria-hidden=\"true\" class=\"wp-block-cover__background has-black-background-color has-background-dim-40 has-background-dim\"><\/span><img loading=\"lazy\" decoding=\"async\" width=\"1900\" height=\"1425\" class=\"wp-block-cover__image-background wp-image-952\" alt=\"Parcheggio bus turistici gratuito\" src=\"https:\/\/autoportopontebba.com\/wp-content\/uploads\/2025\/01\/BUS-stop-Pontebba.jpg\" style=\"object-position:62% 57%\" data-object-fit=\"cover\" data-object-position=\"62% 57%\" srcset=\"https:\/\/autoportopontebba.com\/wp-content\/uploads\/2025\/01\/BUS-stop-Pontebba.jpg 1900w, https:\/\/autoportopontebba.com\/wp-content\/uploads\/2025\/01\/BUS-stop-Pontebba-300x225.jpg 300w, https:\/\/autoportopontebba.com\/wp-content\/uploads\/2025\/01\/BUS-stop-Pontebba-1024x768.jpg 1024w, https:\/\/autoportopontebba.com\/wp-content\/uploads\/2025\/01\/BUS-stop-Pontebba-768x576.jpg 768w, https:\/\/autoportopontebba.com\/wp-content\/uploads\/2025\/01\/BUS-stop-Pontebba-1536x1152.jpg 1536w\" sizes=\"auto, (max-width: 1900px) 100vw, 1900px\" \/><div class=\"wp-block-cover__inner-container is-layout-flow wp-block-cover-is-layout-flow\">\n<div class=\"wp-block-group alignwide has-base-color has-text-color has-link-color wp-elements-26d39d03ed16f1132eabc8261d35a87e is-content-justification-space-between is-layout-flex wp-container-core-group-is-layout-10d17ff1 wp-block-group-is-layout-flex\" style=\"margin-top:0;margin-bottom:0\">\n<div class=\"wp-block-group is-layout-flex wp-block-group-is-layout-flex\"><div class=\"is-default-size is-style-default wp-block-site-logo\"><a href=\"https:\/\/autoportopontebba.com\/cs\/\" class=\"custom-logo-link\" rel=\"home\"><img loading=\"lazy\" decoding=\"async\" width=\"750\" height=\"750\" src=\"https:\/\/autoportopontebba.com\/wp-content\/uploads\/2024\/10\/logo_PR.png\" class=\"custom-logo\" alt=\"PR\" srcset=\"https:\/\/autoportopontebba.com\/wp-content\/uploads\/2024\/10\/logo_PR.png 750w, https:\/\/autoportopontebba.com\/wp-content\/uploads\/2024\/10\/logo_PR-300x300.png 300w, https:\/\/autoportopontebba.com\/wp-content\/uploads\/2024\/10\/logo_PR-150x150.png 150w\" sizes=\"auto, (max-width: 750px) 100vw, 750px\" \/><\/a><\/div>\n\n<h1 class=\"has-link-color wp-elements-e24c80986e13ab3d929b38d6b46e3019 wp-block-site-title has-text-color has-white-color has-medium-font-size\"><a href=\"https:\/\/autoportopontebba.com\/cs\/\" target=\"_self\" rel=\"home\">Autoporto Pontebba<\/a><\/h1><\/div>\n\n\n<nav class=\"has-text-color has-white-color is-responsive items-justified-right wp-block-navigation is-content-justification-right is-layout-flex wp-container-core-navigation-is-layout-f665d2b5 wp-block-navigation-is-layout-flex\" aria-label=\"Navigace v z\u00e1hlav\u00ed\" \n\t\t data-wp-interactive=\"core\/navigation\" data-wp-context='{\"overlayOpenedBy\":{\"click\":false,\"hover\":false,\"focus\":false},\"type\":\"overlay\",\"roleAttribute\":\"\",\"ariaLabel\":\"Menu\"}'><button aria-haspopup=\"dialog\" aria-label=\"Otev\u0159\u00edt menu\" class=\"wp-block-navigation__responsive-container-open\" \n\t\t\t\tdata-wp-on--click=\"actions.openMenuOnClick\"\n\t\t\t\tdata-wp-on--keydown=\"actions.handleMenuKeydown\"\n\t\t\t><svg width=\"24\" height=\"24\" xmlns=\"http:\/\/www.w3.org\/2000\/svg\" viewBox=\"0 0 24 24\" aria-hidden=\"true\" focusable=\"false\"><path d=\"M4 7.5h16v1.5H4z\"><\/path><path d=\"M4 15h16v1.5H4z\"><\/path><\/svg><\/button>\n\t\t\t\t<div class=\"wp-block-navigation__responsive-container\"  id=\"modal-1\" \n\t\t\t\tdata-wp-class--has-modal-open=\"state.isMenuOpen\"\n\t\t\t\tdata-wp-class--is-menu-open=\"state.isMenuOpen\"\n\t\t\t\tdata-wp-watch=\"callbacks.initMenu\"\n\t\t\t\tdata-wp-on--keydown=\"actions.handleMenuKeydown\"\n\t\t\t\tdata-wp-on--focusout=\"actions.handleMenuFocusout\"\n\t\t\t\ttabindex=\"-1\"\n\t\t\t>\n\t\t\t\t\t<div class=\"wp-block-navigation__responsive-close\" tabindex=\"-1\">\n\t\t\t\t\t\t<div class=\"wp-block-navigation__responsive-dialog\" \n\t\t\t\tdata-wp-bind--aria-modal=\"state.ariaModal\"\n\t\t\t\tdata-wp-bind--aria-label=\"state.ariaLabel\"\n\t\t\t\tdata-wp-bind--role=\"state.roleAttribute\"\n\t\t\t>\n\t\t\t\t\t\t\t<button aria-label=\"Zav\u0159\u00edt menu\" class=\"wp-block-navigation__responsive-container-close\" \n\t\t\t\tdata-wp-on--click=\"actions.closeMenuOnClick\"\n\t\t\t><svg xmlns=\"http:\/\/www.w3.org\/2000\/svg\" viewBox=\"0 0 24 24\" width=\"24\" height=\"24\" aria-hidden=\"true\" focusable=\"false\"><path d=\"m13.06 12 6.47-6.47-1.06-1.06L12 10.94 5.53 4.47 4.47 5.53 10.94 12l-6.47 6.47 1.06 1.06L12 13.06l6.47 6.47 1.06-1.06L13.06 12Z\"><\/path><\/svg><\/button>\n\t\t\t\t\t\t\t<div class=\"wp-block-navigation__responsive-container-content\" \n\t\t\t\tdata-wp-watch=\"callbacks.focusFirstElement\"\n\t\t\t id=\"modal-1-content\">\n\t\t\t\t\t\t\t\t<ul class=\"wp-block-navigation__container has-text-color has-white-color is-responsive items-justified-right wp-block-navigation\"><li class=\" wp-block-navigation-item wp-block-navigation-link\"><a class=\"wp-block-navigation-item__content\"  href=\"https:\/\/autoportopontebba.com\/cs\/\"><span class=\"wp-block-navigation-item__label\">Home<\/span><\/a><\/li><li class=\" wp-block-navigation-item wp-block-navigation-link\"><a class=\"wp-block-navigation-item__content\"  href=\"https:\/\/autoportopontebba.com\/cs\/distributor\/\"><span class=\"wp-block-navigation-item__label\">Distributor<\/span><\/a><\/li><li class=\" wp-block-navigation-item wp-block-navigation-link\"><a class=\"wp-block-navigation-item__content\"  href=\"https:\/\/autoportopontebba.com\/cs\/bar-trznice-a-trafika\/\"><span class=\"wp-block-navigation-item__label\">Trh<\/span><\/a><\/li><li class=\" wp-block-navigation-item wp-block-navigation-link\"><a class=\"wp-block-navigation-item__content\"  href=\"https:\/\/autoportopontebba.com\/cs\/pizzerie\/\"><span class=\"wp-block-navigation-item__label\">Pizzerie<\/span><\/a><\/li><li class=\" wp-block-navigation-item wp-block-navigation-link\"><a class=\"wp-block-navigation-item__content\"  href=\"https:\/\/autoportopontebba.com\/cs\/sluzby-a-sprchy\/\"><span class=\"wp-block-navigation-item__label\">Slu\u017eby  <\/span><\/a><\/li><li class=\" wp-block-navigation-item wp-block-navigation-link\"><a class=\"wp-block-navigation-item__content\"  href=\"https:\/\/autoportopontebba.com\/cs\/parkovani-turistickych-autobusu\/\"><span class=\"wp-block-navigation-item__label\">Parkov\u00e1n\u00ed autobus\u016f<\/span><\/a><\/li><li class=\" wp-block-navigation-item wp-block-navigation-link\"><a class=\"wp-block-navigation-item__content\"  href=\"https:\/\/autoportopontebba.com\/cs\/parkoviste-pro-obytne-vozy\/\"><span class=\"wp-block-navigation-item__label\">Camper<\/span><\/a><\/li><li class=\" wp-block-navigation-item wp-block-navigation-link\"><a class=\"wp-block-navigation-item__content\"  href=\"https:\/\/autoportopontebba.com\/cs\/kontakt\/\"><span class=\"wp-block-navigation-item__label\">Kontakt<\/span><\/a><\/li><div id=\"\" class=\"wpml-language-switcher-navigation-block wpml-ls-dropdown\"><div class=\"block-editor-block-list__block wp-block wp-block-navigation-item has-link has-child wp-block-navigation-submenu\"><div class=\"wpml-ls-dropdown open-on-hover-click \"><ul class=\"wp-block-navigation__container\"><li class=\"wp-block-navigation-item has-child wp-block-navigation-submenu open-on-hover-click\" onclick=\"(()=&gt;{const ariaExpanded = this.children[0].getAttribute('aria-expanded');\n\t\t\t\t\tthis.children[0].setAttribute('aria-expanded', ariaExpanded === 'true' ? 'false' : 'true');})(this);\"><div class=\"wp-block-navigation-item__content wp-block-navigation-submenu__toggle\" aria-expanded=\"false\"><span class=\"current-language-item\" style=\"display:flex;cursor:pointer\" data-wpml=\"current-language-item\"><div style=\"display:inline-block\" class=\"wp-block-navigation-item__content\"><div><img decoding=\"async\" alt=\"wpml-ls-flag\" class=\"wpml-ls-flag\" src=\"https:\/\/autoportopontebba.com\/wp-content\/plugins\/sitepress-multilingual-cms\/res\/flags\/cs.svg\" style=\"margin-right:4px;width:18px;height:12px;border-radius:0%;object-fit:unset\" size=\"24\" data-wpml=\"flag-url\"><span data-wpml=\"label\" data-wpml-label-type=\"native\" class=\"wp-block-navigation-item__label  has-text-color has-white-color\">&#268;e&scaron;tina<\/span><\/div><\/div><span class=\"wp-block-navigation__submenu-icon\"><svg xmlns=\"http:\/\/www.w3.org\/2000\/svg\" width=\"12\" height=\"12\" viewbox=\"0 0 12 12\" fill=\"none\" aria-hidden=\"true\" focusable=\"false\"><path d=\"M1.50002 4L6.00002 8L10.5 4\" stroke-width=\"1.5\"><\/path><\/svg><\/span><\/span><\/div><ul class=\"wp-block-navigation__submenu-container isHorizontal\" style=\"flex-wrap:nowrap\" data-is-drop-zone=\"true\"><li class=\"wp-block-navigation-item \" data-wpml=\"language-item\"><div><a class=\"wp-block-navigation-item__content\" data-wpml=\"link\" href=\"https:\/\/autoportopontebba.com\/en\/\"><img decoding=\"async\" alt=\"wpml-ls-flag\" class=\"wpml-ls-flag\" src=\"https:\/\/autoportopontebba.com\/wp-content\/plugins\/sitepress-multilingual-cms\/res\/flags\/en.svg\" style=\"margin-right:4px;width:18px;height:12px;border-radius:0%;object-fit:unset\" size=\"24\" data-wpml=\"flag-url\"><span data-wpml=\"label\" data-wpml-label-type=\"native\" class=\"wp-block-navigation-item__label \">English<\/span><\/a><\/div><\/li><li class=\"wp-block-navigation-item \" data-wpml=\"language-item\"><div><a class=\"wp-block-navigation-item__content\" data-wpml=\"link\" href=\"https:\/\/autoportopontebba.com\/de\/\"><img decoding=\"async\" alt=\"wpml-ls-flag\" class=\"wpml-ls-flag\" src=\"https:\/\/autoportopontebba.com\/wp-content\/plugins\/sitepress-multilingual-cms\/res\/flags\/de.svg\" style=\"margin-right:4px;width:18px;height:12px;border-radius:0%;object-fit:unset\" size=\"24\" data-wpml=\"flag-url\"><span data-wpml=\"label\" data-wpml-label-type=\"native\" class=\"wp-block-navigation-item__label \">Deutsch<\/span><\/a><\/div><\/li><li class=\"wp-block-navigation-item \" data-wpml=\"language-item\"><div><a class=\"wp-block-navigation-item__content\" data-wpml=\"link\" href=\"https:\/\/autoportopontebba.com\/\"><img decoding=\"async\" alt=\"wpml-ls-flag\" class=\"wpml-ls-flag\" src=\"https:\/\/autoportopontebba.com\/wp-content\/plugins\/sitepress-multilingual-cms\/res\/flags\/it.svg\" style=\"margin-right:4px;width:18px;height:12px;border-radius:0%;object-fit:unset\" size=\"24\" data-wpml=\"flag-url\"><span data-wpml=\"label\" data-wpml-label-type=\"native\" class=\"wp-block-navigation-item__label \">Italiano<\/span><\/a><\/div><\/li><li class=\"wp-block-navigation-item \" data-wpml=\"language-item\"><div><a class=\"wp-block-navigation-item__content\" data-wpml=\"link\" href=\"https:\/\/autoportopontebba.com\/pl\/\"><img decoding=\"async\" alt=\"wpml-ls-flag\" class=\"wpml-ls-flag\" src=\"https:\/\/autoportopontebba.com\/wp-content\/plugins\/sitepress-multilingual-cms\/res\/flags\/pl.svg\" style=\"margin-right:4px;width:18px;height:12px;border-radius:0%;object-fit:unset\" size=\"24\" data-wpml=\"flag-url\"><span data-wpml=\"label\" data-wpml-label-type=\"native\" class=\"wp-block-navigation-item__label \">Polski<\/span><\/a><\/div><\/li><li class=\"wp-block-navigation-item \" data-wpml=\"language-item\"><div><a class=\"wp-block-navigation-item__content\" data-wpml=\"link\" href=\"https:\/\/autoportopontebba.com\/ro\/\"><img decoding=\"async\" alt=\"wpml-ls-flag\" class=\"wpml-ls-flag\" src=\"https:\/\/autoportopontebba.com\/wp-content\/plugins\/sitepress-multilingual-cms\/res\/flags\/ro.svg\" style=\"margin-right:4px;width:18px;height:12px;border-radius:0%;object-fit:unset\" size=\"24\" data-wpml=\"flag-url\"><span data-wpml=\"label\" data-wpml-label-type=\"native\" class=\"wp-block-navigation-item__label \">Rom&acirc;n&#259;<\/span><\/a><\/div><\/li><li class=\"wp-block-navigation-item \" data-wpml=\"language-item\"><div><a class=\"wp-block-navigation-item__content\" data-wpml=\"link\" href=\"https:\/\/autoportopontebba.com\/ru\/\"><img decoding=\"async\" alt=\"wpml-ls-flag\" class=\"wpml-ls-flag\" src=\"https:\/\/autoportopontebba.com\/wp-content\/plugins\/sitepress-multilingual-cms\/res\/flags\/ru.svg\" style=\"margin-right:4px;width:18px;height:12px;border-radius:0%;object-fit:unset\" size=\"24\" data-wpml=\"flag-url\"><span data-wpml=\"label\" data-wpml-label-type=\"native\" class=\"wp-block-navigation-item__label \">&#1056;&#1091;&#1089;&#1089;&#1082;&#1080;&#1081;<\/span><\/a><\/div><\/li><\/ul><\/li><\/ul><\/div><\/div><\/div>\n<\/ul>\n\t\t\t\t\t\t\t<\/div>\n\t\t\t\t\t\t<\/div>\n\t\t\t\t\t<\/div>\n\t\t\t\t<\/div><\/nav><\/div>\n\n\n\n<div style=\"height:33vw\" aria-hidden=\"true\" class=\"wp-block-spacer\"><\/div>\n<\/div><\/div>\n<\/div>\n\n<h2 class=\"wp-block-heading\" style=\"font-size:clamp(23.043px, 1.44rem + ((1vw - 3.2px) * 1.558), 38px);px;line-height:1.4\"><strong><strong>Bezplatn\u00e9 parkovi\u0161t\u011b pro turistick\u00e9 autobusy s pizzeri\u00ed, toaletami a sprchami<\/strong><\/strong><\/h2>\n\n<div class=\"wp-block-columns is-layout-flex wp-container-core-columns-is-layout-28f84493 wp-block-columns-is-layout-flex\">\n<div class=\"wp-block-column is-layout-flow wp-block-column-is-layout-flow\">\n<p style=\"font-size:clamp(14px, 0.875rem + ((1vw - 3.2px) * 0.417), 18px);px\">Zast\u00e1vka u Autoporta Pontebba je pro cestovatele nep\u0159ehl\u00e9dnutelnou p\u0159\u00edle\u017eitost\u00ed. Nach\u00e1z\u00ed se v regionu Friuli Venezia Giulia nedaleko sjezdu z d\u00e1lnice Pontebba na silnici A23, asi 25 km od Rakouska a Slovinska, a nab\u00edz\u00ed modern\u00ed z\u00e1zem\u00ed a bezpe\u010dn\u00e9 parkovi\u0161t\u011b pro autobusy. Va\u0161i cestuj\u00edc\u00ed se mohou t\u011b\u0161it na \u00fatuln\u00e9 prost\u0159ed\u00ed s barem, tr\u017ei\u0161t\u011bm, restaurac\u00ed a pizzeri\u00ed s toaletami a sprchami.<\/p>\n<\/div>\n\n\n\n<div class=\"wp-block-column is-layout-flow wp-block-column-is-layout-flow\">\n<p style=\"font-size:clamp(14px, 0.875rem + ((1vw - 3.2px) * 0.417), 18px);px\">S hlavn\u00edmi pou\u017e\u00edvan\u00fdmi palivov\u00fdmi kartami (PR, EUROWAG, RMC, E100, DKV, AS 24, DIESEL 24, UTA, EUROSHELL, HAM) m\u016f\u017eete tankovat naftu, benz\u00edn, HVO a n\u00e1kladn\u00ed vozidla.\nStrategick\u00e1 poloha nav\u00edc usnad\u0148uje pokra\u010dov\u00e1n\u00ed cesty za divy Evropy.\nNenechte si tuto p\u0159\u00edle\u017eitost uj\u00edt: zast\u00e1vka na parkovi\u0161ti Pontebba v\u00e1m v\u00fdlet je\u0161t\u011b v\u00edce zp\u0159\u00edjemn\u00ed!  <\/p>\n<\/div>\n<\/div>\n\n<div class=\"wp-block-cover alignfull is-light\" style=\"margin-top:0;margin-bottom:0;padding-top:var(--wp--preset--spacing--30);padding-bottom:var(--wp--preset--spacing--30);min-height:397px;aspect-ratio:unset;\"><span aria-hidden=\"true\" class=\"wp-block-cover__background has-background-dim-100 has-background-dim\" style=\"background-color:#ffffff\"><\/span><div class=\"wp-block-cover__inner-container is-layout-flow wp-container-core-cover-is-layout-c861ad0a wp-block-cover-is-layout-flow\">\n<div class=\"wp-block-media-text alignwide is-stacked-on-mobile is-vertically-aligned-center is-image-fill-element\" style=\"margin-top:0;margin-bottom:0;padding-top:0;padding-right:var(--wp--preset--spacing--40);padding-bottom:0;padding-left:var(--wp--preset--spacing--40)\"><figure class=\"wp-block-media-text__media\"><img loading=\"lazy\" decoding=\"async\" width=\"768\" height=\"1024\" src=\"https:\/\/autoportopontebba.com\/wp-content\/uploads\/2024\/10\/PizzaPlose-768x1024.jpg\" alt=\"Pizzerie\" class=\"wp-image-124 size-full\" style=\"object-position:50% 50%\" srcset=\"https:\/\/autoportopontebba.com\/wp-content\/uploads\/2024\/10\/PizzaPlose-768x1024.jpg 768w, https:\/\/autoportopontebba.com\/wp-content\/uploads\/2024\/10\/PizzaPlose-225x300.jpg 225w, https:\/\/autoportopontebba.com\/wp-content\/uploads\/2024\/10\/PizzaPlose-1152x1536.jpg 1152w, https:\/\/autoportopontebba.com\/wp-content\/uploads\/2024\/10\/PizzaPlose.jpg 1536w\" sizes=\"auto, (max-width: 768px) 100vw, 768px\" \/><\/figure><div class=\"wp-block-media-text__content\">\n<h2 class=\"wp-block-heading has-text-color\" style=\"color:#000000;font-size:clamp(20px, 1.25rem + ((1vw - 3.2px) * 1.25), 32px);\"><strong>PIZZERIE A RESTAURACE<\/strong><\/h2>\n\n\n\n<p class=\"has-text-color\" style=\"color:#000000;font-size:clamp(14px, 0.875rem + ((1vw - 3.2px) * 0.313), 17px);\">Ve velk\u00e9 budov\u011b u vchodu do gar\u00e1\u017ee si m\u016f\u017eete objednat a ochutnat na\u0161i vynikaj\u00edc\u00ed pizzu po cel\u00fd den.<\/p>\n\n\n\n<p class=\"has-text-color\" style=\"color:#000000;font-size:clamp(14px, 0.875rem + ((1vw - 3.2px) * 0.313), 17px);\">P\u0159ij\u010fte a poznejte autentickou chu\u0165 na\u0161\u00ed pizzy! V \u00fatuln\u00e9m a d\u016fv\u011brn\u011b zn\u00e1m\u00e9m prost\u0159ed\u00ed v\u00e1m nab\u00edz\u00edme \u010derstv\u00e9 suroviny a tradi\u010dn\u00ed recepty p\u0159ipravovan\u00e9 s v\u00e1\u0161n\u00ed. \u010cek\u00e1 v\u00e1s jedine\u010dn\u00fd gastronomick\u00fd z\u00e1\u017eitek. \u010cek\u00e1me na v\u00e1s nezapomenutelnou zast\u00e1vku!   <\/p>\n<\/div><\/div>\n<\/div><\/div>\n\n<div class=\"wp-block-cover alignfull is-light\" style=\"margin-top:0;margin-bottom:0;padding-top:0;padding-bottom:0;min-height:397px;aspect-ratio:unset;\"><span aria-hidden=\"true\" class=\"wp-block-cover__background has-background-dim-100 has-background-dim\" style=\"background-color:#ffffff\"><\/span><div class=\"wp-block-cover__inner-container is-layout-flow wp-container-core-cover-is-layout-6768c556 wp-block-cover-is-layout-flow\">\n<div class=\"wp-block-media-text alignwide has-media-on-the-right is-stacked-on-mobile is-vertically-aligned-center\" style=\"margin-right:var(--wp--preset--spacing--40);margin-left:var(--wp--preset--spacing--40);padding-top:var(--wp--preset--spacing--30);padding-bottom:var(--wp--preset--spacing--30);grid-template-columns:auto 48%\"><div class=\"wp-block-media-text__content\">\n<h2 class=\"wp-block-heading has-text-color\" style=\"color:#000000;font-size:clamp(20px, 1.25rem + ((1vw - 3.2px) * 1.25), 32px);\"><strong>BARY, MARKETY A TRAFIKY<\/strong><\/h2>\n\n\n\n<p class=\"has-text-color\" style=\"color:#000000;font-size:clamp(14px, 0.875rem + ((1vw - 3.2px) * 0.313), 17px);\">V bl\u00edzkosti \u010derpac\u00ed stanice se nach\u00e1z\u00ed obchod se sm\u00ed\u0161en\u00fdm zbo\u017e\u00edm, bar a trafika, kde si m\u016f\u017eete nakoupit pot\u0159ebn\u00e9 v\u011bci na cestu.<\/p>\n\n\n\n<p class=\"has-text-color\" style=\"color:#000000;font-size:clamp(14px, 0.875rem + ((1vw - 3.2px) * 0.313), 17px);\"><br\/>Objevte n\u00e1\u0161 barov\u00fd trh a obchod s tab\u00e1kem, kde je ka\u017ed\u00e1 n\u00e1v\u0161t\u011bva v\u00fdjime\u010dnou p\u0159est\u00e1vkou! Vychutnejte si vo\u0148avou k\u00e1vu, kupte si typick\u00e9 v\u00fdrobky a najd\u011bte v\u0161e, co pot\u0159ebujete, aby va\u0161e zast\u00e1vka byla jedine\u010dn\u00e1. Nav\u0161tivte n\u00e1s a u\u017eijte si autentick\u00fd z\u00e1\u017eitek!  <\/p>\n<\/div><figure class=\"wp-block-media-text__media\"><img loading=\"lazy\" decoding=\"async\" width=\"768\" height=\"1024\" src=\"https:\/\/autoportopontebba.com\/wp-content\/uploads\/2024\/10\/Interno_market-768x1024.jpg\" alt=\"bar a trh\" class=\"wp-image-93 size-full\" srcset=\"https:\/\/autoportopontebba.com\/wp-content\/uploads\/2024\/10\/Interno_market-768x1024.jpg 768w, https:\/\/autoportopontebba.com\/wp-content\/uploads\/2024\/10\/Interno_market-225x300.jpg 225w, https:\/\/autoportopontebba.com\/wp-content\/uploads\/2024\/10\/Interno_market-1152x1536.jpg 1152w, https:\/\/autoportopontebba.com\/wp-content\/uploads\/2024\/10\/Interno_market.jpg 1200w\" sizes=\"auto, (max-width: 768px) 100vw, 768px\" \/><\/figure><\/div>\n<\/div><\/div>\n\n<div class=\"wp-block-cover alignfull is-light\" style=\"margin-top:0;margin-bottom:0;padding-top:0;padding-bottom:0;min-height:397px;aspect-ratio:unset;\"><span aria-hidden=\"true\" class=\"wp-block-cover__background has-background-dim-100 has-background-dim\" style=\"background-color:#ffffff\"><\/span><div class=\"wp-block-cover__inner-container is-layout-flow wp-container-core-cover-is-layout-6768c556 wp-block-cover-is-layout-flow\">\n<div class=\"wp-block-media-text alignwide is-stacked-on-mobile is-vertically-aligned-center\" style=\"margin-right:var(--wp--preset--spacing--40);margin-left:var(--wp--preset--spacing--40);padding-top:var(--wp--preset--spacing--30);padding-bottom:var(--wp--preset--spacing--30)\"><figure class=\"wp-block-media-text__media\"><img loading=\"lazy\" decoding=\"async\" width=\"1024\" height=\"768\" src=\"https:\/\/autoportopontebba.com\/wp-content\/uploads\/2024\/10\/Bagni_PlosePontebba-1024x768.jpg\" alt=\"Toalety\" class=\"wp-image-43 size-full\" srcset=\"https:\/\/autoportopontebba.com\/wp-content\/uploads\/2024\/10\/Bagni_PlosePontebba-1024x768.jpg 1024w, https:\/\/autoportopontebba.com\/wp-content\/uploads\/2024\/10\/Bagni_PlosePontebba-300x225.jpg 300w, https:\/\/autoportopontebba.com\/wp-content\/uploads\/2024\/10\/Bagni_PlosePontebba-768x576.jpg 768w, https:\/\/autoportopontebba.com\/wp-content\/uploads\/2024\/10\/Bagni_PlosePontebba.jpg 1200w\" sizes=\"auto, (max-width: 1024px) 100vw, 1024px\" \/><\/figure><div class=\"wp-block-media-text__content\">\n<h2 class=\"wp-block-heading has-text-color\" style=\"color:#000000;font-size:clamp(20px, 1.25rem + ((1vw - 3.2px) * 1.25), 32px);\"><strong>TOALETY A SPRCHY<\/strong><\/h2>\n\n\n\n<p class=\"has-text-color\" style=\"color:#000000;font-size:clamp(14px, 0.875rem + ((1vw - 3.2px) * 0.313), 17px);\">V nov\u011b vybudovan\u00fdch prostorn\u00fdch koupeln\u00e1ch je 11 p\u00e1nsk\u00fdch toalet a 6 n\u00e1st\u011bnn\u00fdch piso\u00e1r\u016f, 4 d\u00e1msk\u00e9 toalety a toaleta pro t\u011blesn\u011b posti\u017een\u00e9 se sprchou. Celkem je zde 8 sprch, kter\u00e9 se obsluhuj\u00ed mincemi, 6 p\u00e1nsk\u00fdch a 2 d\u00e1msk\u00e9 sprchy. <\/p>\n\n\n\n<p class=\"has-text-color\" style=\"color:#000000;font-size:clamp(14px, 0.875rem + ((1vw - 3.2px) * 0.313), 17px);\">Toalety jsou pln\u011b automatick\u00e9 a neust\u00e1le udr\u017eovan\u00e9 v \u010distot\u011b.<\/p>\n<\/div><\/div>\n<\/div><\/div>\n\n<div class=\"wp-block-group alignfull has-text-color has-background is-layout-flow wp-block-group-is-layout-flow\" style=\"color:#000000;background-color:#ffffff\">\n<div style=\"height:19px\" aria-hidden=\"true\" class=\"wp-block-spacer\"><\/div>\n\n\n\n<p class=\"has-text-align-center has-small-font-size\" style=\"line-height:.9\"><strong>Pot\u0159ebujete v\u00edce informac\u00ed<\/strong><\/p>\n\n\n\n<h2 class=\"wp-block-heading has-text-align-center\" id=\"schedule-a-visit\" style=\"font-size:clamp(32.969px, 2.061rem + ((1vw - 3.2px) * 2.712), 59px);px;line-height:1.15\"><strong>Kontaktujte n\u00e1s<\/strong><\/h2>\n\n\n\n<div class=\"wp-block-buttons is-horizontal is-content-justification-center is-layout-flex wp-container-core-buttons-is-layout-03627597 wp-block-buttons-is-layout-flex\">\n<div class=\"wp-block-button has-custom-width wp-block-button__width-50\"><a class=\"wp-block-button__link has-text-color has-background wp-element-button\" href=\"https:\/\/autoportopontebba.com\/cs\/kontakt\/\" style=\"border-radius:50px;color:#ffffff;background-color:#000000\">kontakt<\/a><\/div>\n<\/div>\n\n\n\n<div style=\"height:64px\" aria-hidden=\"true\" class=\"wp-block-spacer\"><\/div>\n<\/div>\n","protected":false},"excerpt":{"rendered":"<p>Bezplatn\u00e9 parkovi\u0161t\u011b pro turistick\u00e9 autobusy s pizzeri\u00ed, toaletami a sprchami Zast\u00e1vka u Autoporta Pontebba je pro cestovatele nep\u0159ehl\u00e9dnutelnou p\u0159\u00edle\u017eitost\u00ed. Nach\u00e1z\u00ed se v regionu Friuli Venezia Giulia nedaleko sjezdu z d\u00e1lnice Pontebba na silnici A23, asi 25 km od Rakouska a Slovinska, a nab\u00edz\u00ed modern\u00ed z\u00e1zem\u00ed a bezpe\u010dn\u00e9 parkovi\u0161t\u011b pro autobusy. Va\u0161i cestuj\u00edc\u00ed se mohou t\u011b\u0161it [&hellip;]<\/p>\n","protected":false},"author":1,"featured_media":0,"parent":0,"menu_order":0,"comment_status":"closed","ping_status":"closed","template":"blank","meta":{"om_disable_all_campaigns":false,"_monsterinsights_skip_tracking":false,"_monsterinsights_sitenote_active":false,"_monsterinsights_sitenote_note":"","_monsterinsights_sitenote_category":0,"footnotes":""},"class_list":["post-903","page","type-page","status-publish","hentry"],"aioseo_notices":[],"_links":{"self":[{"href":"https:\/\/autoportopontebba.com\/cs\/wp-json\/wp\/v2\/pages\/903","targetHints":{"allow":["GET"]}}],"collection":[{"href":"https:\/\/autoportopontebba.com\/cs\/wp-json\/wp\/v2\/pages"}],"about":[{"href":"https:\/\/autoportopontebba.com\/cs\/wp-json\/wp\/v2\/types\/page"}],"author":[{"embeddable":true,"href":"https:\/\/autoportopontebba.com\/cs\/wp-json\/wp\/v2\/users\/1"}],"replies":[{"embeddable":true,"href":"https:\/\/autoportopontebba.com\/cs\/wp-json\/wp\/v2\/comments?post=903"}],"version-history":[{"count":15,"href":"https:\/\/autoportopontebba.com\/cs\/wp-json\/wp\/v2\/pages\/903\/revisions"}],"predecessor-version":[{"id":1021,"href":"https:\/\/autoportopontebba.com\/cs\/wp-json\/wp\/v2\/pages\/903\/revisions\/1021"}],"wp:attachment":[{"href":"https:\/\/autoportopontebba.com\/cs\/wp-json\/wp\/v2\/media?parent=903"}],"curies":[{"name":"wp","href":"https:\/\/api.w.org\/{rel}","templated":true}]}}