{"id":728,"date":"2025-01-08T13:25:20","date_gmt":"2025-01-08T13:25:20","guid":{"rendered":"https:\/\/autoportopontebba.com\/domu-romana\/"},"modified":"2025-01-08T13:25:20","modified_gmt":"2025-01-08T13:25:20","slug":"domu-romana","status":"publish","type":"page","link":"https:\/\/autoportopontebba.com\/cs\/domu-romana\/","title":{"rendered":"Dom\u016f &#8211; Rom\u00e2n\u0103"},"content":{"rendered":"","protected":false},"excerpt":{"rendered":"","protected":false},"author":1,"featured_media":0,"parent":0,"menu_order":0,"comment_status":"closed","ping_status":"closed","template":"","meta":{"om_disable_all_campaigns":false,"_monsterinsights_skip_tracking":false,"_monsterinsights_sitenote_active":false,"_monsterinsights_sitenote_note":"","_monsterinsights_sitenote_category":0,"footnotes":""},"class_list":["post-728","page","type-page","status-publish","hentry"],"aioseo_notices":[],"_links":{"self":[{"href":"https:\/\/autoportopontebba.com\/cs\/wp-json\/wp\/v2\/pages\/728","targetHints":{"allow":["GET"]}}],"collection":[{"href":"https:\/\/autoportopontebba.com\/cs\/wp-json\/wp\/v2\/pages"}],"about":[{"href":"https:\/\/autoportopontebba.com\/cs\/wp-json\/wp\/v2\/types\/page"}],"author":[{"embeddable":true,"href":"https:\/\/autoportopontebba.com\/cs\/wp-json\/wp\/v2\/users\/1"}],"replies":[{"embeddable":true,"href":"https:\/\/autoportopontebba.com\/cs\/wp-json\/wp\/v2\/comments?post=728"}],"version-history":[{"count":0,"href":"https:\/\/autoportopontebba.com\/cs\/wp-json\/wp\/v2\/pages\/728\/revisions"}],"wp:attachment":[{"href":"https:\/\/autoportopontebba.com\/cs\/wp-json\/wp\/v2\/media?parent=728"}],"curies":[{"name":"wp","href":"https:\/\/api.w.org\/{rel}","templated":true}]}}